{"id":217,"date":"2024-04-10T20:02:07","date_gmt":"2024-04-10T20:02:07","guid":{"rendered":"https:\/\/voidame.ee\/?page_id=217"},"modified":"2024-08-15T05:10:37","modified_gmt":"2024-08-15T05:10:37","slug":"aitah","status":"publish","type":"page","link":"https:\/\/voidame.ee\/en\/aitah\/","title":{"rendered":"Ait\u00e4h"},"content":{"rendered":"<div class=\"wp-block-group alignfull is-vertical is-layout-flex wp-container-core-group-is-layout-fe9cc265 wp-block-group-is-layout-flex\"><nav class=\"is-responsive wp-block-navigation is-layout-flex wp-block-navigation-is-layout-flex\" aria-label=\"Navigation\" \n\t\t data-wp-interactive=\"core\/navigation\" data-wp-context='{\"overlayOpenedBy\":{\"click\":false,\"hover\":false,\"focus\":false},\"type\":\"overlay\",\"roleAttribute\":\"\",\"ariaLabel\":\"Menu\"}'><button aria-haspopup=\"dialog\" aria-label=\"Open menu\" class=\"wp-block-navigation__responsive-container-open\" \n\t\t\t\tdata-wp-on--click=\"actions.openMenuOnClick\"\n\t\t\t\tdata-wp-on--keydown=\"actions.handleMenuKeydown\"\n\t\t\t><svg width=\"24\" height=\"24\" xmlns=\"http:\/\/www.w3.org\/2000\/svg\" viewbox=\"0 0 24 24\" aria-hidden=\"true\" focusable=\"false\"><path d=\"M4 7.5h16v1.5H4z\"><\/path><path d=\"M4 15h16v1.5H4z\"><\/path><\/svg><\/button>\n\t\t\t\t<div class=\"wp-block-navigation__responsive-container\"  id=\"modal-1\" \n\t\t\t\tdata-wp-class--has-modal-open=\"state.isMenuOpen\"\n\t\t\t\tdata-wp-class--is-menu-open=\"state.isMenuOpen\"\n\t\t\t\tdata-wp-watch=\"callbacks.initMenu\"\n\t\t\t\tdata-wp-on--keydown=\"actions.handleMenuKeydown\"\n\t\t\t\tdata-wp-on--focusout=\"actions.handleMenuFocusout\"\n\t\t\t\ttabindex=\"-1\"\n\t\t\t>\n\t\t\t\t\t<div class=\"wp-block-navigation__responsive-close\" tabindex=\"-1\">\n\t\t\t\t\t\t<div class=\"wp-block-navigation__responsive-dialog\" \n\t\t\t\tdata-wp-bind--aria-modal=\"state.ariaModal\"\n\t\t\t\tdata-wp-bind--aria-label=\"state.ariaLabel\"\n\t\t\t\tdata-wp-bind--role=\"state.roleAttribute\"\n\t\t\t>\n\t\t\t\t\t\t\t<button aria-label=\"Close menu\" class=\"wp-block-navigation__responsive-container-close\" \n\t\t\t\tdata-wp-on--click=\"actions.closeMenuOnClick\"\n\t\t\t><svg xmlns=\"http:\/\/www.w3.org\/2000\/svg\" viewbox=\"0 0 24 24\" width=\"24\" height=\"24\" aria-hidden=\"true\" focusable=\"false\"><path d=\"m13.06 12 6.47-6.47-1.06-1.06L12 10.94 5.53 4.47 4.47 5.53 10.94 12l-6.47 6.47 1.06 1.06L12 13.06l6.47 6.47 1.06-1.06L13.06 12Z\"><\/path><\/svg><\/button>\n\t\t\t\t\t\t\t<div class=\"wp-block-navigation__responsive-container-content\" \n\t\t\t\tdata-wp-watch=\"callbacks.focusFirstElement\"\n\t\t\t id=\"modal-1-content\">\n\t\t\t\t\t\t\t\t<ul class=\"wp-block-navigation__container is-responsive wp-block-navigation\"><li class=\"wp-block-navigation-item\"><div class=\"is-default-size wp-block-site-logo\"><a href=\"https:\/\/voidame.ee\/en\/\" class=\"custom-logo-link\" rel=\"home\"><img loading=\"lazy\" decoding=\"async\" width=\"500\" height=\"500\" src=\"https:\/\/voidame.ee\/wp-content\/uploads\/2024\/04\/435844889_767026391841178_1888103675721553340_n.png\" class=\"custom-logo\" alt=\"\" srcset=\"https:\/\/voidame.ee\/wp-content\/uploads\/2024\/04\/435844889_767026391841178_1888103675721553340_n.png 500w, https:\/\/voidame.ee\/wp-content\/uploads\/2024\/04\/435844889_767026391841178_1888103675721553340_n-300x300.png 300w, https:\/\/voidame.ee\/wp-content\/uploads\/2024\/04\/435844889_767026391841178_1888103675721553340_n-150x150.png 150w, https:\/\/voidame.ee\/wp-content\/uploads\/2024\/04\/435844889_767026391841178_1888103675721553340_n-400x400.png 400w, https:\/\/voidame.ee\/wp-content\/uploads\/2024\/04\/435844889_767026391841178_1888103675721553340_n-100x100.png 100w\" sizes=\"auto, (max-width: 500px) 100vw, 500px\" \/><\/a><\/div><\/li><li style=\"font-style:normal;font-weight:700;\" class=\"wp-block-navigation-item wp-block-home-link has-medium-font-size\"><a class=\"wp-block-home-link__content wp-block-navigation-item__content\" href=\"https:\/\/voidame.ee\/en\" rel=\"home\">Drones<\/a><\/li><li style=\"font-style:normal;font-weight:700;\" class=\"wp-block-navigation-item wp-block-navigation-link has-medium-font-size\"><a class=\"wp-block-navigation-item__content\"  href=\"https:\/\/voidame.ee\/en\/meist\/\"><span class=\"wp-block-navigation-item__label\">People<\/span><\/a><\/li><\/ul>\n\t\t\t\t\t\t\t<\/div>\n\t\t\t\t\t\t<\/div>\n\t\t\t\t\t<\/div>\n\t\t\t\t<\/div><\/nav><\/div>\n\n\n\n<div class=\"wp-block-group alignfull has-background-background-color has-background has-global-padding is-layout-constrained wp-container-core-group-is-layout-7276a2bb wp-block-group-is-layout-constrained\" style=\"margin-top:0;margin-bottom:0;padding-top:var(--wp--preset--spacing--60);padding-right:var(--wp--preset--spacing--30);padding-bottom:var(--wp--preset--spacing--60);padding-left:var(--wp--preset--spacing--30)\">\n<div class=\"wp-block-columns alignwide are-vertically-aligned-center is-layout-flex wp-container-core-columns-is-layout-d0bbbce0 wp-block-columns-is-layout-flex\">\n<div class=\"wp-block-column is-vertically-aligned-center is-layout-flow wp-block-column-is-layout-flow\">\n<h1 class=\"wp-block-heading\" style=\"margin-top:12px\">AIT\u00c4H!<\/h1>\n\n\n\n<p style=\"margin-top:16px\">Sinu annetus j\u00f5uab peagi \u00f5igesse kohta.<\/p>\n\n\n\n<div class=\"wp-block-buttons is-layout-flex wp-container-core-buttons-is-layout-12dcd427 wp-block-buttons-is-layout-flex\" style=\"margin-top:var(--wp--preset--spacing--40)\">\n<div class=\"wp-block-button\"><a class=\"wp-block-button__link wp-element-button\" href=\"https:\/\/voidame.ee\/en\/\">Tagasi pealehele<\/a><\/div>\n<\/div>\n<\/div>\n\n\n\n<div class=\"wp-block-column is-vertically-aligned-center is-layout-flow wp-block-column-is-layout-flow\">\n<figure class=\"wp-block-image size-large is-style-rounded\"><img loading=\"lazy\" decoding=\"async\" width=\"1024\" height=\"548\" src=\"https:\/\/voidame.ee\/wp-content\/uploads\/2024\/04\/flag22-1170x626-1-1024x548.jpg\" alt=\"\" class=\"wp-image-219\" style=\"aspect-ratio:1;object-fit:cover\" srcset=\"https:\/\/voidame.ee\/wp-content\/uploads\/2024\/04\/flag22-1170x626-1-1024x548.jpg 1024w, https:\/\/voidame.ee\/wp-content\/uploads\/2024\/04\/flag22-1170x626-1-600x321.jpg 600w, https:\/\/voidame.ee\/wp-content\/uploads\/2024\/04\/flag22-1170x626-1-300x161.jpg 300w, https:\/\/voidame.ee\/wp-content\/uploads\/2024\/04\/flag22-1170x626-1-768x411.jpg 768w, https:\/\/voidame.ee\/wp-content\/uploads\/2024\/04\/flag22-1170x626-1.jpg 1170w\" sizes=\"auto, (max-width: 1024px) 100vw, 1024px\" \/><\/figure>\n<\/div>\n<\/div>\n<\/div>\n\n\n\n<div class=\"wp-block-media-text is-stacked-on-mobile\" style=\"grid-template-columns:15% auto\"><figure class=\"wp-block-media-text__media\"><a href=\"https:\/\/vabaukraina.ee\/\"><img loading=\"lazy\" decoding=\"async\" width=\"600\" height=\"600\" src=\"https:\/\/voidame.ee\/wp-content\/uploads\/2024\/04\/vabaukraina.png\" alt=\"\" class=\"wp-image-221 size-full\" srcset=\"https:\/\/voidame.ee\/wp-content\/uploads\/2024\/04\/vabaukraina.png 600w, https:\/\/voidame.ee\/wp-content\/uploads\/2024\/04\/vabaukraina-400x400.png 400w, https:\/\/voidame.ee\/wp-content\/uploads\/2024\/04\/vabaukraina-100x100.png 100w, https:\/\/voidame.ee\/wp-content\/uploads\/2024\/04\/vabaukraina-300x300.png 300w, https:\/\/voidame.ee\/wp-content\/uploads\/2024\/04\/vabaukraina-150x150.png 150w\" sizes=\"auto, (max-width: 600px) 100vw, 600px\" \/><\/a><\/figure><div class=\"wp-block-media-text__content\">\n<p><a href=\"https:\/\/vabaukraina.ee\/\">NGO Vaba Ukraina<\/a><\/p>\n<\/div><\/div>\n\n\n\n<div class=\"wp-block-media-text is-stacked-on-mobile\" style=\"grid-template-columns:15% auto\"><figure class=\"wp-block-media-text__media\"><a href=\"https:\/\/sabua.ee\/\"><img loading=\"lazy\" decoding=\"async\" width=\"225\" height=\"225\" src=\"https:\/\/voidame.ee\/wp-content\/uploads\/2024\/04\/sab.png\" alt=\"\" class=\"wp-image-220 size-full\" srcset=\"https:\/\/voidame.ee\/wp-content\/uploads\/2024\/04\/sab.png 225w, https:\/\/voidame.ee\/wp-content\/uploads\/2024\/04\/sab-100x100.png 100w, https:\/\/voidame.ee\/wp-content\/uploads\/2024\/04\/sab-150x150.png 150w\" sizes=\"auto, (max-width: 225px) 100vw, 225px\" \/><\/a><\/figure><div class=\"wp-block-media-text__content\">\n<p><a href=\"https:\/\/sabua.ee\/\">NGO SAB UA<\/a><\/p>\n<\/div><\/div>\n\n\n\n<div class=\"wp-block-media-text is-stacked-on-mobile\" style=\"grid-template-columns:15% auto\"><figure class=\"wp-block-media-text__media\"><a href=\"https:\/\/vabaukraina.ee\/\"><img loading=\"lazy\" decoding=\"async\" width=\"476\" height=\"476\" src=\"https:\/\/voidame.ee\/wp-content\/uploads\/2024\/05\/302127627_5848904045153092_9003022415747649251_n.jpg\" alt=\"\" class=\"wp-image-903 size-full\" srcset=\"https:\/\/voidame.ee\/wp-content\/uploads\/2024\/05\/302127627_5848904045153092_9003022415747649251_n.jpg 476w, https:\/\/voidame.ee\/wp-content\/uploads\/2024\/05\/302127627_5848904045153092_9003022415747649251_n-300x300.jpg 300w, https:\/\/voidame.ee\/wp-content\/uploads\/2024\/05\/302127627_5848904045153092_9003022415747649251_n-150x150.jpg 150w, https:\/\/voidame.ee\/wp-content\/uploads\/2024\/05\/302127627_5848904045153092_9003022415747649251_n-100x100.jpg 100w\" sizes=\"auto, (max-width: 476px) 100vw, 476px\" \/><\/a><\/figure><div class=\"wp-block-media-text__content\">\n<p><a href=\"https:\/\/www.heroiamslava.org\/\">MT\u00dc Heroiam Slava<\/a><\/p>\n<\/div><\/div>","protected":false},"excerpt":{"rendered":"<p>AIT\u00c4H! Sinu annetus j\u00f5uab peagi \u00f5igesse kohta. MT\u00dc Vaba Ukraina SAB UA MT\u00dc MT\u00dc Heroiam Slava<\/p>","protected":false},"author":1,"featured_media":0,"parent":0,"menu_order":0,"comment_status":"closed","ping_status":"closed","template":"no-title","meta":{"footnotes":""},"class_list":["post-217","page","type-page","status-publish","hentry"],"_links":{"self":[{"href":"https:\/\/voidame.ee\/en\/wp-json\/wp\/v2\/pages\/217","targetHints":{"allow":["GET"]}}],"collection":[{"href":"https:\/\/voidame.ee\/en\/wp-json\/wp\/v2\/pages"}],"about":[{"href":"https:\/\/voidame.ee\/en\/wp-json\/wp\/v2\/types\/page"}],"author":[{"embeddable":true,"href":"https:\/\/voidame.ee\/en\/wp-json\/wp\/v2\/users\/1"}],"replies":[{"embeddable":true,"href":"https:\/\/voidame.ee\/en\/wp-json\/wp\/v2\/comments?post=217"}],"version-history":[{"count":10,"href":"https:\/\/voidame.ee\/en\/wp-json\/wp\/v2\/pages\/217\/revisions"}],"predecessor-version":[{"id":1402,"href":"https:\/\/voidame.ee\/en\/wp-json\/wp\/v2\/pages\/217\/revisions\/1402"}],"wp:attachment":[{"href":"https:\/\/voidame.ee\/en\/wp-json\/wp\/v2\/media?parent=217"}],"curies":[{"name":"wp","href":"https:\/\/api.w.org\/{rel}","templated":true}]}}