{"id":79,"date":"2024-04-03T07:56:04","date_gmt":"2024-04-03T07:56:04","guid":{"rendered":"https:\/\/voidame.ee\/?post_type=product&#038;p=79"},"modified":"2024-04-20T22:19:07","modified_gmt":"2024-04-20T22:19:07","slug":"annetus","status":"publish","type":"product","link":"https:\/\/voidame.ee\/en\/product\/annetus\/","title":{"rendered":"Donation"},"content":{"rendered":"","protected":false},"excerpt":{"rendered":"<p>Sinu annetus l\u00e4heb MT\u00dc Vaba Ukraina kontole, kes tellib selle eest FPV-droonide tootmise Eesti ettev\u00f5ttelt.<\/p>","protected":false},"featured_media":0,"template":"","meta":[],"product_brand":[],"product_cat":[18],"product_tag":[],"class_list":{"0":"post-79","1":"product","2":"type-product","3":"status-publish","5":"product_cat-maaramata","7":"first","8":"instock","9":"virtual","10":"purchasable","11":"product-type-simple"},"_links":{"self":[{"href":"https:\/\/voidame.ee\/en\/wp-json\/wp\/v2\/product\/79","targetHints":{"allow":["GET"]}}],"collection":[{"href":"https:\/\/voidame.ee\/en\/wp-json\/wp\/v2\/product"}],"about":[{"href":"https:\/\/voidame.ee\/en\/wp-json\/wp\/v2\/types\/product"}],"wp:attachment":[{"href":"https:\/\/voidame.ee\/en\/wp-json\/wp\/v2\/media?parent=79"}],"wp:term":[{"taxonomy":"product_brand","embeddable":true,"href":"https:\/\/voidame.ee\/en\/wp-json\/wp\/v2\/product_brand?post=79"},{"taxonomy":"product_cat","embeddable":true,"href":"https:\/\/voidame.ee\/en\/wp-json\/wp\/v2\/product_cat?post=79"},{"taxonomy":"product_tag","embeddable":true,"href":"https:\/\/voidame.ee\/en\/wp-json\/wp\/v2\/product_tag?post=79"}],"curies":[{"name":"wp","href":"https:\/\/api.w.org\/{rel}","templated":true}]}}